{"id":62,"date":"2011-11-14T15:18:39","date_gmt":"2011-11-14T14:18:39","guid":{"rendered":"http:\/\/www.oecast.at\/?page_id=62"},"modified":"2026-02-17T08:51:12","modified_gmt":"2026-02-17T07:51:12","slug":"downloads","status":"publish","type":"page","link":"https:\/\/www.oecast.at\/?page_id=62","title":{"rendered":"Downloads"},"content":{"rendered":"<h1>\u00d6CAST<\/h1>\n<p><a href=\"http:\/\/www.oecast.at\/wp-content\/uploads\/2021\/05\/Datenschutzerklaerung.pdf\">\u00d6CAST Datenschutzerkl\u00e4rung<\/a><br \/>\n<a href=\"http:\/\/www.oecast.at\/wp-content\/uploads\/2022\/01\/Beitrittserklaerung.pdf\">\u00d6CAST Mitgliedsantrag<\/a><br \/>\n<a href=\"http:\/\/www.oecast.at\/wp-content\/uploads\/2020\/03\/Statuten_Neu.pdf\">\u00d6CAST STATUTEN<\/a><br \/>\n<a href=\"http:\/\/www.oecast.at\/wp-content\/uploads\/2023\/04\/Gebuehrenordnung_24.04.2023.pdf\">\u00d6CAST Geb\u00fchrenordnung<\/a><br \/>\n<a href=\"https:\/\/www.oecast.at\/wp-content\/uploads\/2026\/02\/ZEO_112025.pdf\">\u00d6CAST Zuchtordnung<\/a><br \/>\n<a href=\"https:\/\/www.oecast.at\/?page_id=380\">Wesenstest Anmeldung<\/a><br \/>\n<a href=\"http:\/\/www.oecast.at\/wp-content\/uploads\/2021\/11\/Einwilligung-Fotos.pdf\">Einwilligung Fotos<\/a><br \/>\n<a href=\"https:\/\/www.oecast.at\/wp-content\/uploads\/2025\/04\/Meldezettel-Clubshow-2025.pdf\">Meldezettel Clubshow 2025<\/a><\/p>\n<h1>\u00d6KV<\/h1>\n<p><a href=\"http:\/\/www.oecast.at\/wp-content\/uploads\/2020\/11\/EINTRAGUNGSFORMULAR-Formular-3.pdf\">\u00d6KV Eintragungsformular<\/a><br \/>\n<a href=\"http:\/\/www.oecast.at\/wp-content\/uploads\/2020\/11\/DECKBESCHEINIGUNG-Formular-2.pdf\">\u00d6KV Deckbescheinigung<\/a><br \/>\n<a href=\"http:\/\/www.oecast.at\/wp-content\/uploads\/2024\/10\/OeKV-ZEO-2024.pdf\">\u00d6KV Zucht- und Eintragungsordnung<\/a><br \/>\n<a href=\"http:\/\/www.oecast.at\/wp-content\/uploads\/2011\/11\/OEKV_Zuchtmietvertrag.pdf\" target=\"_blank\" rel=\"noopener noreferrer\">\u00d6KV Zuchtmietvertrag<\/a><br \/>\n<a href=\"http:\/\/www.oecast.at\/wp-content\/uploads\/2011\/11\/OEKV_Zuchtstaettennamensschutz.pdf\" target=\"_blank\" rel=\"noopener noreferrer\">\u00d6KV Zuchtst\u00e4ttennamensschutz<\/a><\/p>\n<h1>Sonstiges<\/h1>\n<div><a href=\"http:\/\/www.oecast.at\/wp-content\/uploads\/2018\/05\/L\u00f6schung-1.docx\">Formular f\u00fcr Daten L\u00f6schung<\/a><\/div>\n<div><a href=\"https:\/\/www.oecast.at\/wp-content\/uploads\/2024\/12\/Alltagspruefung-OOe-Hundehaltegesetz-2024-11.pdf\">Alltagspr\u00fcfung O\u00d6 Hundehaltegesetz 2024<\/a><\/div>\n","protected":false},"excerpt":{"rendered":"<p>\u00d6CAST \u00d6CAST Datenschutzerkl\u00e4rung \u00d6CAST Mitgliedsantrag \u00d6CAST STATUTEN \u00d6CAST Geb\u00fchrenordnung \u00d6CAST Zuchtordnung Wesenstest Anmeldung Einwilligung Fotos Meldezettel Clubshow 2025 \u00d6KV \u00d6KV Eintragungsformular \u00d6KV Deckbescheinigung \u00d6KV Zucht- und Eintragungsordnung \u00d6KV Zuchtmietvertrag \u00d6KV Zuchtst\u00e4ttennamensschutz Sonstiges Formular f\u00fcr Daten L\u00f6schung Alltagspr\u00fcfung O\u00d6 Hundehaltegesetz 2024<\/p>\n","protected":false},"author":1,"featured_media":0,"parent":0,"menu_order":97,"comment_status":"closed","ping_status":"open","template":"","meta":{"footnotes":""},"class_list":["post-62","page","type-page","status-publish","hentry","nodate","item-wrap"],"_links":{"self":[{"href":"https:\/\/www.oecast.at\/index.php?rest_route=\/wp\/v2\/pages\/62","targetHints":{"allow":["GET"]}}],"collection":[{"href":"https:\/\/www.oecast.at\/index.php?rest_route=\/wp\/v2\/pages"}],"about":[{"href":"https:\/\/www.oecast.at\/index.php?rest_route=\/wp\/v2\/types\/page"}],"author":[{"embeddable":true,"href":"https:\/\/www.oecast.at\/index.php?rest_route=\/wp\/v2\/users\/1"}],"replies":[{"embeddable":true,"href":"https:\/\/www.oecast.at\/index.php?rest_route=%2Fwp%2Fv2%2Fcomments&post=62"}],"version-history":[{"count":59,"href":"https:\/\/www.oecast.at\/index.php?rest_route=\/wp\/v2\/pages\/62\/revisions"}],"predecessor-version":[{"id":6255,"href":"https:\/\/www.oecast.at\/index.php?rest_route=\/wp\/v2\/pages\/62\/revisions\/6255"}],"wp:attachment":[{"href":"https:\/\/www.oecast.at\/index.php?rest_route=%2Fwp%2Fv2%2Fmedia&parent=62"}],"curies":[{"name":"wp","href":"https:\/\/api.w.org\/{rel}","templated":true}]}}