{"id":5996,"date":"2026-04-08T10:30:21","date_gmt":"2026-04-08T09:30:21","guid":{"rendered":"https:\/\/www.oecast.at\/?page_id=5996"},"modified":"2026-04-09T09:09:17","modified_gmt":"2026-04-09T08:09:17","slug":"deckmeldung-3","status":"publish","type":"page","link":"https:\/\/www.oecast.at\/?page_id=5996","title":{"rendered":"Deckmeldung"},"content":{"rendered":"\n<figure class=\"wp-block-gallery has-nested-images columns-default is-cropped wp-block-gallery-1 is-layout-flex wp-block-gallery-is-layout-flex\">\n<figure class=\"wp-block-image size-large\"><a href=\"https:\/\/www.oecast.at\/wp-content\/uploads\/2026\/04\/IMG-20260310-WA0002.jpg\"><img loading=\"lazy\" decoding=\"async\" width=\"1024\" height=\"731\" data-id=\"6308\" src=\"https:\/\/www.oecast.at\/wp-content\/uploads\/2026\/04\/IMG-20260310-WA0002-1024x731.jpg\" alt=\"\" class=\"wp-image-6308\" srcset=\"https:\/\/www.oecast.at\/wp-content\/uploads\/2026\/04\/IMG-20260310-WA0002-1024x731.jpg 1024w, https:\/\/www.oecast.at\/wp-content\/uploads\/2026\/04\/IMG-20260310-WA0002-300x214.jpg 300w, https:\/\/www.oecast.at\/wp-content\/uploads\/2026\/04\/IMG-20260310-WA0002-768x548.jpg 768w, https:\/\/www.oecast.at\/wp-content\/uploads\/2026\/04\/IMG-20260310-WA0002-1536x1097.jpg 1536w, https:\/\/www.oecast.at\/wp-content\/uploads\/2026\/04\/IMG-20260310-WA0002-1486x1061.jpg 1486w, https:\/\/www.oecast.at\/wp-content\/uploads\/2026\/04\/IMG-20260310-WA0002.jpg 1538w\" sizes=\"auto, (max-width: 1024px) 100vw, 1024px\" \/><\/a><\/figure>\n\n\n\n<figure class=\"wp-block-image size-large\"><a href=\"https:\/\/www.oecast.at\/wp-content\/uploads\/2025\/05\/FB_IMG_1734198323104-scaled.jpg\"><img loading=\"lazy\" decoding=\"async\" width=\"1024\" height=\"870\" data-id=\"5990\" src=\"https:\/\/www.oecast.at\/wp-content\/uploads\/2025\/05\/FB_IMG_1734198323104-1024x870.jpg\" alt=\"\" class=\"wp-image-5990\" srcset=\"https:\/\/www.oecast.at\/wp-content\/uploads\/2025\/05\/FB_IMG_1734198323104-1024x870.jpg 1024w, https:\/\/www.oecast.at\/wp-content\/uploads\/2025\/05\/FB_IMG_1734198323104-300x255.jpg 300w, https:\/\/www.oecast.at\/wp-content\/uploads\/2025\/05\/FB_IMG_1734198323104-768x652.jpg 768w, https:\/\/www.oecast.at\/wp-content\/uploads\/2025\/05\/FB_IMG_1734198323104-1536x1304.jpg 1536w, https:\/\/www.oecast.at\/wp-content\/uploads\/2025\/05\/FB_IMG_1734198323104-2048x1739.jpg 2048w, https:\/\/www.oecast.at\/wp-content\/uploads\/2025\/05\/FB_IMG_1734198323104-1486x1262.jpg 1486w\" sizes=\"auto, (max-width: 1024px) 100vw, 1024px\" \/><\/a><\/figure>\n<\/figure>\n\n\n\n<p style=\"text-align: center;\">Am 19.03.2026 belegte der R\u00fcde <strong>Blue Rock Wake me Up <\/strong>\u00a0die H\u00fcndin\u00a0<strong>Royal Amstaff Ready To Rock<\/strong>. Beide Hunde haben die Voraussetzung unserer Zuchtordnung erf\u00fcllt.<\/p>\n<div dir=\"auto\" style=\"text-align: center;\">Kontakt:<br \/>\n<div dir=\"auto\">Rene&#8216; Sarg<\/div>\n<div dir=\"auto\">Royal Amstaff-F.C.I<\/div>\n<div dir=\"auto\">American Staffordshire Terrier\u00a0<\/div>\n<div dir=\"auto\">+43 (0) 660 58 200 05<\/div>\n<div dir=\"auto\"><a href=\"mailto:info@royalamstaff.dog\">info@royalamstaff.dog<\/a>\u00a0<\/div>\n<div dir=\"auto\"><a href=\"http:\/\/www.royalamstaff.dog\">www.royalamstaff.dog<\/a>\u00a0<\/div>\n<\/div>\n<hr \/>\n<p>Allgemeine Information:<\/p>\n<p><strong>\u00a7 6 DECKAKT (Der Zuchtordnung des \u00d6CAST)<\/strong><\/p>\n<p>6.3 \u00a0\u00a0\u00a0\u00a0\u00a0 Die Originaldeckbescheinigung (\u00d6KV-Deckbescheinigung) ist nach erfolgtem Deckakt mit folgenden Unterlagen,\u00a0<strong>innerhalb einer Woche<\/strong>, an den Zuchtwart zu \u00fcbermitteln. Unterlagen, die von Z\u00fcchtern zu sp\u00e4t an den Zuchtwart \u00fcbermittelt und somit die Frist nicht eingehalten werden kann, m\u00fcssen mit einem Versp\u00e4tungszuschlag rechnen. Dieser ist in der Geb\u00fchrenordnung festgelegt<strong>.<\/strong><\/p>\n<p><strong>\u00a0<\/strong>\u2013 Zuchtst\u00e4ttenkarte im Original<\/p>\n<p><strong>R\u00fcde<\/strong><\/p>\n<p>\u2013 1 Kopie der Ahnentafel<\/p>\n<p>\u2013 1 Kopie der Zuchtzulassungsurkunde (inkl. Eventuelle Erg\u00e4nzungen)<\/p>\n<p><strong>H\u00fcndin<\/strong><\/p>\n<p>\u2013 Originalahnentafel<\/p>\n<p>\u2013 1 Kopie der Zuchtzulassung (inkl. Eventuelle Erg\u00e4nzungen)<\/p>\n<p><strong>ausl\u00e4ndischer Deckr\u00fcde<\/strong><\/p>\n<p>\u2013 1 Kopie der Ahnentafel<\/p>\n<p>\u2013 1 Kopie der Gesundheitsergebnisse &amp; Formwertbeurteilung<\/p>\n<p>6.4 \u00a0\u00a0\u00a0\u00a0\u00a0 Jeder Z\u00fcchter der Mitglied des \u00d6CAST ist hat die M\u00f6glichkeit seine Deckmeldung auf der \u00d6CAST Homepage sowie auf den Sozial Media Kan\u00e4len zu ver\u00f6ffentlichen, sofern alle Unterlagen korrekt und vollst\u00e4ndig abgegeben wurden und der Wurf im A-Blatt eingetragen wird. W\u00fcrfe im B-Blatt werden nicht durch den \u00d6CAST ver\u00f6ffentlicht oder vermittelt. Der Z\u00fcchter ist f\u00fcr die Zusendung von Fotos (Querformat, mind. 600 x 400 Pixel) selbst verantwortlich.<\/p>\n","protected":false},"excerpt":{"rendered":"<p>Am 19.03.2026 belegte der R\u00fcde Blue Rock Wake me Up \u00a0die H\u00fcndin\u00a0Royal Amstaff Ready To Rock. Beide Hunde haben die Voraussetzung unserer Zuchtordnung erf\u00fcllt. Kontakt: Rene&#8216; Sarg Royal Amstaff-F.C.I American Staffordshire Terrier\u00a0 +43 (0) 660 58 200 05 info@royalamstaff.dog\u00a0 www.royalamstaff.dog\u00a0 Allgemeine Information: \u00a7 6 DECKAKT (Der Zuchtordnung des \u00d6CAST) 6.3 \u00a0\u00a0\u00a0\u00a0\u00a0 Die Originaldeckbescheinigung (\u00d6KV-Deckbescheinigung) ist &hellip; <\/p>\n<p><a class=\"more-link btn\" href=\"https:\/\/www.oecast.at\/?page_id=5996\">Weiterlesen<\/a><\/p>\n","protected":false},"author":1,"featured_media":0,"parent":49,"menu_order":7,"comment_status":"closed","ping_status":"closed","template":"","meta":{"footnotes":""},"class_list":["post-5996","page","type-page","status-publish","hentry","nodate","item-wrap"],"_links":{"self":[{"href":"https:\/\/www.oecast.at\/index.php?rest_route=\/wp\/v2\/pages\/5996","targetHints":{"allow":["GET"]}}],"collection":[{"href":"https:\/\/www.oecast.at\/index.php?rest_route=\/wp\/v2\/pages"}],"about":[{"href":"https:\/\/www.oecast.at\/index.php?rest_route=\/wp\/v2\/types\/page"}],"author":[{"embeddable":true,"href":"https:\/\/www.oecast.at\/index.php?rest_route=\/wp\/v2\/users\/1"}],"replies":[{"embeddable":true,"href":"https:\/\/www.oecast.at\/index.php?rest_route=%2Fwp%2Fv2%2Fcomments&post=5996"}],"version-history":[{"count":5,"href":"https:\/\/www.oecast.at\/index.php?rest_route=\/wp\/v2\/pages\/5996\/revisions"}],"predecessor-version":[{"id":6339,"href":"https:\/\/www.oecast.at\/index.php?rest_route=\/wp\/v2\/pages\/5996\/revisions\/6339"}],"up":[{"embeddable":true,"href":"https:\/\/www.oecast.at\/index.php?rest_route=\/wp\/v2\/pages\/49"}],"wp:attachment":[{"href":"https:\/\/www.oecast.at\/index.php?rest_route=%2Fwp%2Fv2%2Fmedia&parent=5996"}],"curies":[{"name":"wp","href":"https:\/\/api.w.org\/{rel}","templated":true}]}}