{"id":5692,"date":"2026-04-07T12:35:06","date_gmt":"2026-04-07T11:35:06","guid":{"rendered":"https:\/\/www.oecast.at\/?page_id=5692"},"modified":"2026-04-09T07:49:58","modified_gmt":"2026-04-09T06:49:58","slug":"wurfmeldung-2","status":"publish","type":"page","link":"https:\/\/www.oecast.at\/?page_id=5692","title":{"rendered":"Wurfmeldung"},"content":{"rendered":"<div style=\"text-align: center;\">\n<div data-olk-copy-source=\"MailCompose\">\n<div data-olk-copy-source=\"MailCompose\">Am 03.03.2026 warf die H\u00fcndin Freedom King&#8217;s Ninja Warrior nach dem R\u00fcden Chasqui Cafe Americano acht Welpen.<\/div>\n<div>Der Wurf besteht aus 2 R\u00fcden und 6 H\u00fcndinnen, die Mutter sowie die Welpen sind wohlauf.<\/div>\n<\/div>\n<\/div>\n<div>\u00a0<\/div>\n<div>\u00a0<\/div>\n\n\n\n\t\t<style type=\"text\/css\">\n\t\t\t#gallery-1 {\n\t\t\t\tmargin: auto;\n\t\t\t}\n\t\t\t#gallery-1 .gallery-item {\n\t\t\t\tfloat: left;\n\t\t\t\tmargin-top: 10px;\n\t\t\t\ttext-align: center;\n\t\t\t\twidth: 33%;\n\t\t\t}\n\t\t\t#gallery-1 img {\n\t\t\t\tborder: 2px solid #cfcfcf;\n\t\t\t}\n\t\t\t#gallery-1 .gallery-caption {\n\t\t\t\tmargin-left: 0;\n\t\t\t}\n\t\t\t\/* see gallery_shortcode() in wp-includes\/media.php *\/\n\t\t<\/style>\n\t\t<div id='gallery-1' class='gallery galleryid-5692 gallery-columns-3 gallery-size-thumbnail'><dl class='gallery-item'>\n\t\t\t<dt class='gallery-icon portrait'>\n\t\t\t\t<a href='https:\/\/www.oecast.at\/?attachment_id=6329'><img loading=\"lazy\" decoding=\"async\" width=\"150\" height=\"150\" src=\"https:\/\/www.oecast.at\/wp-content\/uploads\/2026\/04\/f9751022-33b7-4579-9dad-c9717f107461-150x150.jpg\" class=\"attachment-thumbnail size-thumbnail\" alt=\"\" \/><\/a>\n\t\t\t<\/dt><\/dl><dl class='gallery-item'>\n\t\t\t<dt class='gallery-icon portrait'>\n\t\t\t\t<a href='https:\/\/www.oecast.at\/?attachment_id=6321'><img loading=\"lazy\" decoding=\"async\" width=\"150\" height=\"150\" src=\"https:\/\/www.oecast.at\/wp-content\/uploads\/2025\/08\/IMG_8462-150x150.jpeg\" class=\"attachment-thumbnail size-thumbnail\" alt=\"\" \/><\/a>\n\t\t\t<\/dt><\/dl>\n\t\t\t<br style='clear: both' \/>\n\t\t<\/div>\n\n\n\n\n<div data-olk-copy-source=\"MailCompose\">\u00a0<\/div>\n<div style=\"text-align: center;\" data-olk-copy-source=\"MailCompose\">Der \u00d6CAST gratuliert herzlich zum B-Wurf.<\/div>\n<div style=\"text-align: center;\" data-olk-copy-source=\"MailCompose\">\u00a0<\/div>\n<div>\n<div style=\"text-align: center;\" data-olk-copy-source=\"MailCompose\"><span style=\"font-size: revert;\">Kontakt \u00fcber:<\/span><\/div>\n<p style=\"text-align: center;\"><strong>Fearless Family Guards<br \/><\/strong>Philip &amp; Florentine Steinwender<br \/>5591 Ramingstein<br \/>Telefon: +436641589772 \/ +436606744105<br \/>Website:\u00a0<a href=\"http:\/\/www.ffg-amstaff.at\/\">www.ffg-amstaff.at<\/a><br \/>E-Mail:\u00a0<a href=\"mailto:ffg_amstaff@outlook.com\">ffg_amstaff@outlook.com<\/a><br \/>Facebook:\u00a0<a href=\"https:\/\/www.facebook.com\/profile.php?id=61556919583480\">Fearless Family Guards<\/a><br \/>Instagram:\u00a0<a href=\"https:\/\/www.instagram.com\/fearlessfamilyguards\/?next=%2F\">fearlessfamilyguards<\/a><\/p>\n<\/div>\n<div>\u00a0<\/div>\n<div>\u00a0<\/div>\n<div>\n<p>Allgemeine Information:<\/p>\n<p><strong>\u00a7 13 WURFMELDUNG der \u00d6CAST ZEO<\/strong><\/p>\n<p>13.1 Die Wurfmeldung ist innerhalb einer Woche, nach erfolgtem Wurf, an den Zuchtwart mittels ausgef\u00fclltem \u00d6KV Eintragungsformular zu \u00fcbermitteln.<\/p>\n<p>13.2 Wurfeintragungen sind innerhalb von drei Monaten nach Fallen des Wurfes beim Zuchtbuchreferat des \u00d6KV anzumelden. Unterlagen, die von Z\u00fcchtern zu sp\u00e4t an den Zuchtwart \u00fcbermittelt und somit die Frist des \u00d6KV nicht eingehalten werden kann, m\u00fcssen mit einem Versp\u00e4tungszuschlag rechnen. Dieser ist in der Geb\u00fchrenordnung festgelegt.<\/p>\n<p>13.3 Jeder Z\u00fcchter hat die M\u00f6glichkeit seinen Wurf auf der \u00d6CAST Homepage sowie\u00a0auf den Sozial Media Kan\u00e4len zu ver\u00f6ffentlichen, sofern alle Unterlagen korrekt und vollst\u00e4ndig abgegeben wurden und der Wurf im A-Blatt eingetragen wird. W\u00fcrfe im B-Blatt werden nicht durch den \u00d6CAST ver\u00f6ffentlicht oder vermittelt. Der Z\u00fcchter ist f\u00fcr die Zusendung von Fotos (Querformat, mind. 600 x 400 Pixel) selbst verantwortlich. Die Wurfmeldung wird 8 Wochen nach Wurftag automatisch von der Homepage gel\u00f6scht, sofern keine R\u00fcckmeldung seitens des Z\u00fcchters eingetroffen ist.<\/p>\n<\/div>\n","protected":false},"excerpt":{"rendered":"<p>Am 03.03.2026 warf die H\u00fcndin Freedom King&#8217;s Ninja Warrior nach dem R\u00fcden Chasqui Cafe Americano acht Welpen. Der Wurf besteht aus 2 R\u00fcden und 6 H\u00fcndinnen, die Mutter sowie die Welpen sind wohlauf. \u00a0 \u00a0 \u00a0 Der \u00d6CAST gratuliert herzlich zum B-Wurf. \u00a0 Kontakt \u00fcber: Fearless Family GuardsPhilip &amp; Florentine Steinwender5591 RamingsteinTelefon: +436641589772 \/ +436606744105Website:\u00a0www.ffg-amstaff.atE-Mail:\u00a0ffg_amstaff@outlook.comFacebook:\u00a0Fearless &hellip; <\/p>\n<p><a class=\"more-link btn\" href=\"https:\/\/www.oecast.at\/?page_id=5692\">Weiterlesen<\/a><\/p>\n","protected":false},"author":1,"featured_media":0,"parent":49,"menu_order":8,"comment_status":"closed","ping_status":"closed","template":"","meta":{"footnotes":""},"class_list":["post-5692","page","type-page","status-publish","hentry","nodate","item-wrap"],"_links":{"self":[{"href":"https:\/\/www.oecast.at\/index.php?rest_route=\/wp\/v2\/pages\/5692","targetHints":{"allow":["GET"]}}],"collection":[{"href":"https:\/\/www.oecast.at\/index.php?rest_route=\/wp\/v2\/pages"}],"about":[{"href":"https:\/\/www.oecast.at\/index.php?rest_route=\/wp\/v2\/types\/page"}],"author":[{"embeddable":true,"href":"https:\/\/www.oecast.at\/index.php?rest_route=\/wp\/v2\/users\/1"}],"replies":[{"embeddable":true,"href":"https:\/\/www.oecast.at\/index.php?rest_route=%2Fwp%2Fv2%2Fcomments&post=5692"}],"version-history":[{"count":28,"href":"https:\/\/www.oecast.at\/index.php?rest_route=\/wp\/v2\/pages\/5692\/revisions"}],"predecessor-version":[{"id":6334,"href":"https:\/\/www.oecast.at\/index.php?rest_route=\/wp\/v2\/pages\/5692\/revisions\/6334"}],"up":[{"embeddable":true,"href":"https:\/\/www.oecast.at\/index.php?rest_route=\/wp\/v2\/pages\/49"}],"wp:attachment":[{"href":"https:\/\/www.oecast.at\/index.php?rest_route=%2Fwp%2Fv2%2Fmedia&parent=5692"}],"curies":[{"name":"wp","href":"https:\/\/api.w.org\/{rel}","templated":true}]}}